{"id":209,"date":"2022-11-05T18:32:07","date_gmt":"2022-11-05T18:32:07","guid":{"rendered":"http:\/\/172.17.12.11\/sicb2023\/?page_id=209"},"modified":"2023-05-05T11:27:41","modified_gmt":"2023-05-05T11:27:41","slug":"keynotes-speakers","status":"publish","type":"page","link":"https:\/\/sicb.zuj.edu.jo\/sicb2023\/keynotes-speakers\/","title":{"rendered":"Keynotes Speakers"},"content":{"rendered":"\t\t<div data-elementor-type=\"wp-page\" data-elementor-id=\"209\" class=\"elementor elementor-209\">\n\t\t\t\t<div class=\"elementor-element elementor-element-f1b46e0 e-flex e-con-boxed e-con e-parent\" data-id=\"f1b46e0\" data-element_type=\"container\">\n\t\t\t\t\t<div class=\"e-con-inner\">\n\t\t\t\t<div class=\"elementor-element elementor-element-666b39a elementor-widget elementor-widget-heading\" data-id=\"666b39a\" data-element_type=\"widget\" data-widget_type=\"heading.default\">\n\t\t\t\t<div class=\"elementor-widget-container\">\n\t\t\t<h2 class=\"elementor-heading-title elementor-size-default\">Keynotes Speakers and Conference Guests\n\n<\/h2>\t\t<\/div>\n\t\t\t\t<\/div>\n\t\t\t\t<div class=\"elementor-element elementor-element-81d23fc elementor-widget elementor-widget-spacer\" data-id=\"81d23fc\" data-element_type=\"widget\" data-widget_type=\"spacer.default\">\n\t\t\t\t<div class=\"elementor-widget-container\">\n\t\t\t\t\t<div class=\"elementor-spacer\">\n\t\t\t<div class=\"elementor-spacer-inner\"><\/div>\n\t\t<\/div>\n\t\t\t\t<\/div>\n\t\t\t\t<\/div>\n\t\t\t\t<div class=\"elementor-element elementor-element-ef5d32a elementor-position-left elementor-vertical-align-top elementor-widget elementor-widget-image-box\" data-id=\"ef5d32a\" data-element_type=\"widget\" data-widget_type=\"image-box.default\">\n\t\t\t\t<div class=\"elementor-widget-container\">\n\t\t\t<div class=\"elementor-image-box-wrapper\"><figure class=\"elementor-image-box-img\"><img decoding=\"async\" src=\"https:\/\/sicb.zuj.edu.jo\/sicb2023\/wp-content\/uploads\/elementor\/thumbs\/kacprzyk-pz3lse9hg1isuo6ri0fep2g2i6tfnel17quepegdao.png\" title=\"kacprzyk\" alt=\"kacprzyk\" loading=\"lazy\" \/><\/figure><div class=\"elementor-image-box-content\"><h3 class=\"elementor-image-box-title\">Professor Janusz Kacprzyk<\/h3><p class=\"elementor-image-box-description\">Graduated from the Warsaw University of Technology, Poland, with a Ph.D. in systems analysis. He is a professor of computer science at the\u00a0 Systems Research Institute.\u00a0 He is an\u00a0 engineer and mathematician, notable for his multiple contributions to the field of computational and artificial intelligence tools like fuzzy sets, mathematical optimization, decision making under uncertainty, computational intelligence, intuitionistic fuzzy sets, data analysis and data mining, with applications in databases, ICT, mobile robotics and others.\u00a0\u00a0<\/p><\/div><\/div>\t\t<\/div>\n\t\t\t\t<\/div>\n\t\t\t\t<div class=\"elementor-element elementor-element-b777c2d elementor-position-left elementor-vertical-align-top elementor-widget elementor-widget-image-box\" data-id=\"b777c2d\" data-element_type=\"widget\" data-widget_type=\"image-box.default\">\n\t\t\t\t<div class=\"elementor-widget-container\">\n\t\t\t<div class=\"elementor-image-box-wrapper\"><figure class=\"elementor-image-box-img\"><img decoding=\"async\" src=\"https:\/\/sicb.zuj.edu.jo\/sicb2023\/wp-content\/uploads\/elementor\/thumbs\/Untitled-e1683286009780-q60jme61mg6uz7xc9vgzeirlyccbb7fhi66nwdo7kg.png\" title=\"Untitled\" alt=\"Untitled\" loading=\"lazy\" \/><\/figure><div class=\"elementor-image-box-content\"><h3 class=\"elementor-image-box-title\">Professor Ajai Gaur<\/h3><p class=\"elementor-image-box-description\">Ajai Gaur is Dean\u2019s Eminent Research Professor and Chair of the Department of Management and Global Business at Rutgers Business School \u2013 Newark and New Brunswick, Rutgers University. Ajai is currently serving as the Editor-in-Chief of the Journal of World Business and a consulting editor at the Journal of International Business Studies. He was elected as the President of the Asia Academy of Management for two terms from 2015 to 2019. In 2021, Ajai was elected as a fellow of the Academy of International Business.<\/p><\/div><\/div>\t\t<\/div>\n\t\t\t\t<\/div>\n\t\t\t\t<div class=\"elementor-element elementor-element-1205795 elementor-position-left elementor-vertical-align-top elementor-widget elementor-widget-image-box\" data-id=\"1205795\" data-element_type=\"widget\" data-widget_type=\"image-box.default\">\n\t\t\t\t<div class=\"elementor-widget-container\">\n\t\t\t<div class=\"elementor-image-box-wrapper\"><figure class=\"elementor-image-box-img\"><img decoding=\"async\" src=\"https:\/\/sicb.zuj.edu.jo\/sicb2023\/wp-content\/uploads\/elementor\/thumbs\/download-e1615056021908-pz3lhrp66gz3ldmgjx2908zgqd71mlea35bsds7ln4.png\" title=\"download-e1615056021908\" alt=\"download-e1615056021908\" loading=\"lazy\" \/><\/figure><div class=\"elementor-image-box-content\"><h3 class=\"elementor-image-box-title\">Professor Mohammad\u00a0N. Elahee\u00a0<\/h3><p class=\"elementor-image-box-description\">Professor and Chair of the Department of International Business at Quinnipiac University, CT, USA, he obtained his Ph.D. from the University of Texas-Pan American. He held teaching positions in various countries including Bangladesh, Canada, China, USA, Mexico, Ireland, Egypt, and France.\u00a0 He has published in a number of reputed international business journals and presented his work in the US as well as in various other countries of the world.<\/p><\/div><\/div>\t\t<\/div>\n\t\t\t\t<\/div>\n\t\t\t\t<div class=\"elementor-element elementor-element-a5d2715 elementor-position-left elementor-vertical-align-top elementor-widget elementor-widget-image-box\" data-id=\"a5d2715\" data-element_type=\"widget\" data-widget_type=\"image-box.default\">\n\t\t\t\t<div class=\"elementor-widget-container\">\n\t\t\t<div class=\"elementor-image-box-wrapper\"><figure class=\"elementor-image-box-img\"><img decoding=\"async\" src=\"https:\/\/sicb.zuj.edu.jo\/sicb2023\/wp-content\/uploads\/elementor\/thumbs\/sss-pz3k81trrke0w616inmi8abckojc8kwa4v0l29zya8.jpg\" title=\"sss\" alt=\"sss\" loading=\"lazy\" \/><\/figure><div class=\"elementor-image-box-content\"><h3 class=\"elementor-image-box-title\">Professor Nazarko <\/h3><p class=\"elementor-image-box-description\">Joanicjusz Nazarko (Senior Member, IEEE) received the Ph.D. and D.Sc. degrees in electrical engineering from the Warsaw University of Technology, Poland.,He is a Full Professor of both technical and economic sciences, Ordinary Member of the Polish Academy of Engineering, and Member of the Production Engineering Committee of the Polish Academy of Sciences. He is currently serving as the Director of International China and Central-Eastern Europe Institute of Logistics and Service Science at the Bialystok University of Technology, Poland. He also holds the posts of Professeur Associ\u00e9 with the Universit\u00e9 du Qu\u00e9bec \u00e0 Trois-Rivi\u00e8res, Trois-Rivi\u00e8res, QC, Canada, and Honorary Professor with Zhejiang University Ningbo Institute of Technology, Ningbo, China. He has authored or co-authored more than 300 technical and scholarly works published in reputable journals. He regularly speaks and presents his work at numerous international conferences. He has coordinated many research projects, obtained grants, and scholarships from national and international institutions.\u00a0\n\u00a0<\/p><\/div><\/div>\t\t<\/div>\n\t\t\t\t<\/div>\n\t\t\t\t<div class=\"elementor-element elementor-element-631e178 elementor-position-left elementor-vertical-align-top elementor-widget elementor-widget-image-box\" data-id=\"631e178\" data-element_type=\"widget\" data-widget_type=\"image-box.default\">\n\t\t\t\t<div class=\"elementor-widget-container\">\n\t\t\t<div class=\"elementor-image-box-wrapper\"><figure class=\"elementor-image-box-img\"><img decoding=\"async\" src=\"https:\/\/sicb.zuj.edu.jo\/sicb2023\/wp-content\/uploads\/elementor\/thumbs\/Khaled-Hussainey-e1670929917375-pz3m0dw3jcgjjckyugr8w1v4a3fr2sawbagzk2lweo.jpg\" title=\"Khaled-Hussainey\" alt=\"Khaled-Hussainey\" loading=\"lazy\" \/><\/figure><div class=\"elementor-image-box-content\"><h3 class=\"elementor-image-box-title\">Professor Khaled Hussainey<\/h3><p class=\"elementor-image-box-description\"> Professor of Accounting and Financial Management and the Research Lead of Accounting and Financial Management in the Faculty of Business and Law, published more than 100 articles in Peer-reviewed journals. written a number of book chapters and I have edited a textbook on corporate governance in emerging economics, experienced PhD supervisor with thirty-six completions,\u00a0experienced PhD examiner with eighty-one examinations (69 external and 12 internal examinations).\n\n\u00a0<\/p><\/div><\/div>\t\t<\/div>\n\t\t\t\t<\/div>\n\t\t\t\t<div class=\"elementor-element elementor-element-48fab37 elementor-position-left elementor-vertical-align-top elementor-widget elementor-widget-image-box\" data-id=\"48fab37\" data-element_type=\"widget\" data-widget_type=\"image-box.default\">\n\t\t\t\t<div class=\"elementor-widget-container\">\n\t\t\t<div class=\"elementor-image-box-wrapper\"><figure class=\"elementor-image-box-img\"><img decoding=\"async\" src=\"https:\/\/sicb.zuj.edu.jo\/sicb2023\/wp-content\/uploads\/elementor\/thumbs\/Abbas-Ali-1-e1576496163828-pz3lkvjyrr87yz3zereuqyrbf7vq2kqc6iykhplr2o.jpg\" title=\"Abbas-Ali-1-e1576496163828\" alt=\"Abbas-Ali-1-e1576496163828\" loading=\"lazy\" \/><\/figure><div class=\"elementor-image-box-content\"><h3 class=\"elementor-image-box-title\">Professor Abbas J.Ali<\/h3><p class=\"elementor-image-box-description\">Distinguished University Professor and Professor of Management, Director, School of International Management, Eberly college of Business, at Indian University of Pennsylvania. He serves as a Executive Director of the American Society for Competitiveness. Ali has served as a visiting professor at King Saud University, \u00a0University of Sharjah, and as a senior Fulbright Scholar at the University of Jordan.<\/p><\/div><\/div>\t\t<\/div>\n\t\t\t\t<\/div>\n\t\t\t\t<div class=\"elementor-element elementor-element-1932b8b elementor-position-left elementor-vertical-align-top elementor-widget elementor-widget-image-box\" data-id=\"1932b8b\" data-element_type=\"widget\" data-widget_type=\"image-box.default\">\n\t\t\t\t<div class=\"elementor-widget-container\">\n\t\t\t<div class=\"elementor-image-box-wrapper\"><figure class=\"elementor-image-box-img\"><img decoding=\"async\" src=\"https:\/\/sicb.zuj.edu.jo\/sicb2023\/wp-content\/uploads\/elementor\/thumbs\/Screenshot_2-pz56mxdbhd2gulhk74wbz4sfohq7nc63l4rjem1jyo.png\" title=\"Screenshot_2\" alt=\"Screenshot_2\" loading=\"lazy\" \/><\/figure><div class=\"elementor-image-box-content\"><h3 class=\"elementor-image-box-title\">M. Ihsan Zakri<\/h3><p class=\"elementor-image-box-description\">Ihsan Zakri is Regional Head, Middle East and Africa at AACSB International. At AACSB he works with both the Executive vice president\/Chief Officer Europe, the Middle East and Africa (EMEA), and the Chief Accreditation officer to develop and implement integrated accreditation and member service and engagement initiatives in the EMEA region. He serves as a staff liaison for over 160 schools in EMEA region. Ihsan has an international background in higher education, program and Institutional accreditation and course and program development. He gained extensive experience in accreditation and EU funded projects before joining AACSB. Ihsan has earned a Master\u2019s degree in Social Sciences with a concentration on the Middle East from Lund University, Sweden.<\/p><\/div><\/div>\t\t<\/div>\n\t\t\t\t<\/div>\n\t\t\t\t<div class=\"elementor-element elementor-element-75ef595 elementor-position-left elementor-vertical-align-top elementor-widget elementor-widget-image-box\" data-id=\"75ef595\" data-element_type=\"widget\" data-widget_type=\"image-box.default\">\n\t\t\t\t<div class=\"elementor-widget-container\">\n\t\t\t<div class=\"elementor-image-box-wrapper\"><figure class=\"elementor-image-box-img\"><img decoding=\"async\" src=\"https:\/\/sicb.zuj.edu.jo\/sicb2023\/wp-content\/uploads\/elementor\/thumbs\/Screenshot_1-pz3keg489z59wmqo5x63p67a4309mfaioiujn2ihxs.png\" title=\"Screenshot_1\" alt=\"Screenshot_1\" loading=\"lazy\" \/><\/figure><div class=\"elementor-image-box-content\"><h3 class=\"elementor-image-box-title\">Dr. Ewa Chodakowska <\/h3><p class=\"elementor-image-box-description\">Associate Professor and the Head of Doctoral Studies in Interdisciplinary Doctoral Studies at Faculty of Engineering Management, Bialystok University of Technology, Poland. She obtained her Ph.D of management sciences from the University of Warsaw and the Postdoctoral Degree of Technical Sciences in Mechanical Engineering from Cracow University of Technology. She has a number of publications in reputable journals and participated in selected research projects.<\/p><\/div><\/div>\t\t<\/div>\n\t\t\t\t<\/div>\n\t\t\t\t\t<\/div>\n\t\t\t\t<\/div>\n\t\t\t\t<\/div>\n\t\t","protected":false},"excerpt":{"rendered":"<p>Keynotes Speakers and Conference Guests Professor Janusz Kacprzyk Graduated from the Warsaw University of Technology, Poland, with a Ph.D. in systems analysis. He is a professor of computer science at the\u00a0 Systems Research Institute.\u00a0 He is an\u00a0 engineer and mathematician, notable for his multiple contributions to the field of computational and artificial intelligence tools like [&hellip;]<\/p>\n","protected":false},"author":3,"featured_media":0,"parent":0,"menu_order":0,"comment_status":"closed","ping_status":"closed","template":"elementor_canvas","meta":{"footnotes":""},"categories":[],"tags":[],"class_list":["post-209","page","type-page","status-publish","hentry"],"yoast_head":"<!-- This site is optimized with the Yoast SEO plugin v23.4 - https:\/\/yoast.com\/wordpress\/plugins\/seo\/ -->\n<title>Keynotes Speakers - SICB2023<\/title>\n<meta name=\"robots\" content=\"index, follow, max-snippet:-1, max-image-preview:large, max-video-preview:-1\" \/>\n<link rel=\"canonical\" href=\"https:\/\/sicb.zuj.edu.jo\/sicb2023\/keynotes-speakers\/\" \/>\n<meta property=\"og:locale\" content=\"en_US\" \/>\n<meta property=\"og:type\" content=\"article\" \/>\n<meta property=\"og:title\" content=\"Keynotes Speakers - SICB2023\" \/>\n<meta property=\"og:description\" content=\"Keynotes Speakers and Conference Guests Professor Janusz Kacprzyk Graduated from the Warsaw University of Technology, Poland, with a Ph.D. in systems analysis. He is a professor of computer science at the\u00a0 Systems Research Institute.\u00a0 He is an\u00a0 engineer and mathematician, notable for his multiple contributions to the field of computational and artificial intelligence tools like [&hellip;]\" \/>\n<meta property=\"og:url\" content=\"https:\/\/sicb.zuj.edu.jo\/sicb2023\/keynotes-speakers\/\" \/>\n<meta property=\"og:site_name\" content=\"SICB2023\" \/>\n<meta property=\"article:publisher\" content=\"https:\/\/www.facebook.com\/SICB.Conferences\/\" \/>\n<meta property=\"article:modified_time\" content=\"2023-05-05T11:27:41+00:00\" \/>\n<meta property=\"og:image\" content=\"https:\/\/sicb.zuj.edu.jo\/sicb2023\/wp-content\/uploads\/elementor\/thumbs\/kacprzyk-pz3lse9hg1isuo6ri0fep2g2i6tfnel17quepegdao.png\" \/>\n<meta name=\"twitter:card\" content=\"summary_large_image\" \/>\n<meta name=\"twitter:label1\" content=\"Est. reading time\" \/>\n\t<meta name=\"twitter:data1\" content=\"5 minutes\" \/>\n<script type=\"application\/ld+json\" class=\"yoast-schema-graph\">{\"@context\":\"https:\/\/schema.org\",\"@graph\":[{\"@type\":\"WebPage\",\"@id\":\"https:\/\/sicb.zuj.edu.jo\/sicb2023\/keynotes-speakers\/\",\"url\":\"https:\/\/sicb.zuj.edu.jo\/sicb2023\/keynotes-speakers\/\",\"name\":\"Keynotes Speakers - SICB2023\",\"isPartOf\":{\"@id\":\"https:\/\/sicb.zuj.edu.jo\/sicb2023\/#website\"},\"primaryImageOfPage\":{\"@id\":\"https:\/\/sicb.zuj.edu.jo\/sicb2023\/keynotes-speakers\/#primaryimage\"},\"image\":{\"@id\":\"https:\/\/sicb.zuj.edu.jo\/sicb2023\/keynotes-speakers\/#primaryimage\"},\"thumbnailUrl\":\"https:\/\/sicb.zuj.edu.jo\/sicb2023\/wp-content\/uploads\/elementor\/thumbs\/kacprzyk-pz3lse9hg1isuo6ri0fep2g2i6tfnel17quepegdao.png\",\"datePublished\":\"2022-11-05T18:32:07+00:00\",\"dateModified\":\"2023-05-05T11:27:41+00:00\",\"breadcrumb\":{\"@id\":\"https:\/\/sicb.zuj.edu.jo\/sicb2023\/keynotes-speakers\/#breadcrumb\"},\"inLanguage\":\"en-US\",\"potentialAction\":[{\"@type\":\"ReadAction\",\"target\":[\"https:\/\/sicb.zuj.edu.jo\/sicb2023\/keynotes-speakers\/\"]}]},{\"@type\":\"ImageObject\",\"inLanguage\":\"en-US\",\"@id\":\"https:\/\/sicb.zuj.edu.jo\/sicb2023\/keynotes-speakers\/#primaryimage\",\"url\":\"https:\/\/sicb.zuj.edu.jo\/sicb2023\/wp-content\/uploads\/elementor\/thumbs\/kacprzyk-pz3lse9hg1isuo6ri0fep2g2i6tfnel17quepegdao.png\",\"contentUrl\":\"https:\/\/sicb.zuj.edu.jo\/sicb2023\/wp-content\/uploads\/elementor\/thumbs\/kacprzyk-pz3lse9hg1isuo6ri0fep2g2i6tfnel17quepegdao.png\"},{\"@type\":\"BreadcrumbList\",\"@id\":\"https:\/\/sicb.zuj.edu.jo\/sicb2023\/keynotes-speakers\/#breadcrumb\",\"itemListElement\":[{\"@type\":\"ListItem\",\"position\":1,\"name\":\"Home\",\"item\":\"https:\/\/sicb.zuj.edu.jo\/sicb2023\/\"},{\"@type\":\"ListItem\",\"position\":2,\"name\":\"Keynotes Speakers\"}]},{\"@type\":\"WebSite\",\"@id\":\"https:\/\/sicb.zuj.edu.jo\/sicb2023\/#website\",\"url\":\"https:\/\/sicb.zuj.edu.jo\/sicb2023\/\",\"name\":\"SICB2023\",\"description\":\"SICB2023\",\"publisher\":{\"@id\":\"https:\/\/sicb.zuj.edu.jo\/sicb2023\/#organization\"},\"potentialAction\":[{\"@type\":\"SearchAction\",\"target\":{\"@type\":\"EntryPoint\",\"urlTemplate\":\"https:\/\/sicb.zuj.edu.jo\/sicb2023\/?s={search_term_string}\"},\"query-input\":{\"@type\":\"PropertyValueSpecification\",\"valueRequired\":true,\"valueName\":\"search_term_string\"}}],\"inLanguage\":\"en-US\"},{\"@type\":\"Organization\",\"@id\":\"https:\/\/sicb.zuj.edu.jo\/sicb2023\/#organization\",\"name\":\"SICB2023 Conference\",\"url\":\"https:\/\/sicb.zuj.edu.jo\/sicb2023\/\",\"logo\":{\"@type\":\"ImageObject\",\"inLanguage\":\"en-US\",\"@id\":\"https:\/\/sicb.zuj.edu.jo\/sicb2023\/#\/schema\/logo\/image\/\",\"url\":\"https:\/\/sicb.zuj.edu.jo\/sicb2023\/wp-content\/uploads\/2022\/11\/200-7002.png\",\"contentUrl\":\"https:\/\/sicb.zuj.edu.jo\/sicb2023\/wp-content\/uploads\/2022\/11\/200-7002.png\",\"width\":741,\"height\":200,\"caption\":\"SICB2023 Conference\"},\"image\":{\"@id\":\"https:\/\/sicb.zuj.edu.jo\/sicb2023\/#\/schema\/logo\/image\/\"},\"sameAs\":[\"https:\/\/www.facebook.com\/SICB.Conferences\/\"]}]}<\/script>\n<!-- \/ Yoast SEO plugin. -->","yoast_head_json":{"title":"Keynotes Speakers - SICB2023","robots":{"index":"index","follow":"follow","max-snippet":"max-snippet:-1","max-image-preview":"max-image-preview:large","max-video-preview":"max-video-preview:-1"},"canonical":"https:\/\/sicb.zuj.edu.jo\/sicb2023\/keynotes-speakers\/","og_locale":"en_US","og_type":"article","og_title":"Keynotes Speakers - SICB2023","og_description":"Keynotes Speakers and Conference Guests Professor Janusz Kacprzyk Graduated from the Warsaw University of Technology, Poland, with a Ph.D. in systems analysis. He is a professor of computer science at the\u00a0 Systems Research Institute.\u00a0 He is an\u00a0 engineer and mathematician, notable for his multiple contributions to the field of computational and artificial intelligence tools like [&hellip;]","og_url":"https:\/\/sicb.zuj.edu.jo\/sicb2023\/keynotes-speakers\/","og_site_name":"SICB2023","article_publisher":"https:\/\/www.facebook.com\/SICB.Conferences\/","article_modified_time":"2023-05-05T11:27:41+00:00","og_image":[{"url":"https:\/\/sicb.zuj.edu.jo\/sicb2023\/wp-content\/uploads\/elementor\/thumbs\/kacprzyk-pz3lse9hg1isuo6ri0fep2g2i6tfnel17quepegdao.png"}],"twitter_card":"summary_large_image","twitter_misc":{"Est. reading time":"5 minutes"},"schema":{"@context":"https:\/\/schema.org","@graph":[{"@type":"WebPage","@id":"https:\/\/sicb.zuj.edu.jo\/sicb2023\/keynotes-speakers\/","url":"https:\/\/sicb.zuj.edu.jo\/sicb2023\/keynotes-speakers\/","name":"Keynotes Speakers - SICB2023","isPartOf":{"@id":"https:\/\/sicb.zuj.edu.jo\/sicb2023\/#website"},"primaryImageOfPage":{"@id":"https:\/\/sicb.zuj.edu.jo\/sicb2023\/keynotes-speakers\/#primaryimage"},"image":{"@id":"https:\/\/sicb.zuj.edu.jo\/sicb2023\/keynotes-speakers\/#primaryimage"},"thumbnailUrl":"https:\/\/sicb.zuj.edu.jo\/sicb2023\/wp-content\/uploads\/elementor\/thumbs\/kacprzyk-pz3lse9hg1isuo6ri0fep2g2i6tfnel17quepegdao.png","datePublished":"2022-11-05T18:32:07+00:00","dateModified":"2023-05-05T11:27:41+00:00","breadcrumb":{"@id":"https:\/\/sicb.zuj.edu.jo\/sicb2023\/keynotes-speakers\/#breadcrumb"},"inLanguage":"en-US","potentialAction":[{"@type":"ReadAction","target":["https:\/\/sicb.zuj.edu.jo\/sicb2023\/keynotes-speakers\/"]}]},{"@type":"ImageObject","inLanguage":"en-US","@id":"https:\/\/sicb.zuj.edu.jo\/sicb2023\/keynotes-speakers\/#primaryimage","url":"https:\/\/sicb.zuj.edu.jo\/sicb2023\/wp-content\/uploads\/elementor\/thumbs\/kacprzyk-pz3lse9hg1isuo6ri0fep2g2i6tfnel17quepegdao.png","contentUrl":"https:\/\/sicb.zuj.edu.jo\/sicb2023\/wp-content\/uploads\/elementor\/thumbs\/kacprzyk-pz3lse9hg1isuo6ri0fep2g2i6tfnel17quepegdao.png"},{"@type":"BreadcrumbList","@id":"https:\/\/sicb.zuj.edu.jo\/sicb2023\/keynotes-speakers\/#breadcrumb","itemListElement":[{"@type":"ListItem","position":1,"name":"Home","item":"https:\/\/sicb.zuj.edu.jo\/sicb2023\/"},{"@type":"ListItem","position":2,"name":"Keynotes Speakers"}]},{"@type":"WebSite","@id":"https:\/\/sicb.zuj.edu.jo\/sicb2023\/#website","url":"https:\/\/sicb.zuj.edu.jo\/sicb2023\/","name":"SICB2023","description":"SICB2023","publisher":{"@id":"https:\/\/sicb.zuj.edu.jo\/sicb2023\/#organization"},"potentialAction":[{"@type":"SearchAction","target":{"@type":"EntryPoint","urlTemplate":"https:\/\/sicb.zuj.edu.jo\/sicb2023\/?s={search_term_string}"},"query-input":{"@type":"PropertyValueSpecification","valueRequired":true,"valueName":"search_term_string"}}],"inLanguage":"en-US"},{"@type":"Organization","@id":"https:\/\/sicb.zuj.edu.jo\/sicb2023\/#organization","name":"SICB2023 Conference","url":"https:\/\/sicb.zuj.edu.jo\/sicb2023\/","logo":{"@type":"ImageObject","inLanguage":"en-US","@id":"https:\/\/sicb.zuj.edu.jo\/sicb2023\/#\/schema\/logo\/image\/","url":"https:\/\/sicb.zuj.edu.jo\/sicb2023\/wp-content\/uploads\/2022\/11\/200-7002.png","contentUrl":"https:\/\/sicb.zuj.edu.jo\/sicb2023\/wp-content\/uploads\/2022\/11\/200-7002.png","width":741,"height":200,"caption":"SICB2023 Conference"},"image":{"@id":"https:\/\/sicb.zuj.edu.jo\/sicb2023\/#\/schema\/logo\/image\/"},"sameAs":["https:\/\/www.facebook.com\/SICB.Conferences\/"]}]}},"_links":{"self":[{"href":"https:\/\/sicb.zuj.edu.jo\/sicb2023\/wp-json\/wp\/v2\/pages\/209","targetHints":{"allow":["GET"]}}],"collection":[{"href":"https:\/\/sicb.zuj.edu.jo\/sicb2023\/wp-json\/wp\/v2\/pages"}],"about":[{"href":"https:\/\/sicb.zuj.edu.jo\/sicb2023\/wp-json\/wp\/v2\/types\/page"}],"author":[{"embeddable":true,"href":"https:\/\/sicb.zuj.edu.jo\/sicb2023\/wp-json\/wp\/v2\/users\/3"}],"replies":[{"embeddable":true,"href":"https:\/\/sicb.zuj.edu.jo\/sicb2023\/wp-json\/wp\/v2\/comments?post=209"}],"version-history":[{"count":5,"href":"https:\/\/sicb.zuj.edu.jo\/sicb2023\/wp-json\/wp\/v2\/pages\/209\/revisions"}],"predecessor-version":[{"id":1792,"href":"https:\/\/sicb.zuj.edu.jo\/sicb2023\/wp-json\/wp\/v2\/pages\/209\/revisions\/1792"}],"wp:attachment":[{"href":"https:\/\/sicb.zuj.edu.jo\/sicb2023\/wp-json\/wp\/v2\/media?parent=209"}],"wp:term":[{"taxonomy":"category","embeddable":true,"href":"https:\/\/sicb.zuj.edu.jo\/sicb2023\/wp-json\/wp\/v2\/categories?post=209"},{"taxonomy":"post_tag","embeddable":true,"href":"https:\/\/sicb.zuj.edu.jo\/sicb2023\/wp-json\/wp\/v2\/tags?post=209"}],"curies":[{"name":"wp","href":"https:\/\/api.w.org\/{rel}","templated":true}]}}